{"id":19,"date":"2023-02-19T17:59:57","date_gmt":"2023-02-19T16:59:57","guid":{"rendered":"http:\/\/senouci.net\/New\/?page_id=16"},"modified":"2024-11-28T16:39:43","modified_gmt":"2024-11-28T15:39:43","slug":"links","status":"publish","type":"page","link":"https:\/\/senouci.net\/index.php\/links\/","title":{"rendered":"Links"},"content":{"rendered":"\n<div class=\"wp-block-cover is-light\" style=\"min-height:193px;aspect-ratio:unset;\"><span aria-hidden=\"true\" class=\"wp-block-cover__background has-background-dim\"><\/span><img loading=\"lazy\" decoding=\"async\" width=\"630\" height=\"293\" class=\"wp-block-cover__image-background wp-image-28\" alt=\"\" src=\"https:\/\/senouci.net\/wp-content\/uploads\/2023\/02\/links.png\" data-object-fit=\"cover\" srcset=\"https:\/\/senouci.net\/wp-content\/uploads\/2023\/02\/links.png 630w, https:\/\/senouci.net\/wp-content\/uploads\/2023\/02\/links-300x140.png 300w\" sizes=\"auto, (max-width: 630px) 100vw, 630px\" \/><div class=\"wp-block-cover__inner-container is-layout-flow wp-block-cover-is-layout-flow\">\n<p class=\"has-text-align-center has-large-font-size\"><mark style=\"background-color:rgba(0, 0, 0, 0)\" class=\"has-inline-color has-white-color\"><strong>Some interesting links<\/strong><\/mark><\/p>\n<\/div><\/div>\n\n\n\n<div style=\"height:100px\" aria-hidden=\"true\" class=\"wp-block-spacer\"><\/div>\n\n\n\n<p class=\"has-medium-font-size\">\u00c9cole Th\u00e9matique Internationale de + l\u2019Intelligence Artificielle au Cameroun (ETIIAC), 25-29 Novembre 2024<\/p>\n\n\n\n<p>Planification\u00a0optimis\u00e9e\u00a0des livraisons\u00a0urbaines\u00a0\u00e0\u00a0l&#8217;aide\u00a0de\u00a0l&#8217;apprentissage par\u00a0renforcement\u00a0et de drones\u00a0autonomes (<a href=\"https:\/\/senouci.net\/wp-content\/uploads\/2024\/11\/Senouci-Talk1-Lundi-25112024.pdf\" data-type=\"link\" data-id=\"https:\/\/senouci.net\/wp-content\/uploads\/2024\/11\/Senouci-Talk1-Lundi-25112024.pdf\" target=\"_blank\" rel=\"noreferrer noopener\">Slides<\/a>)<\/p>\n\n\n\n<p>Classification au service de la garantie de la qualit\u00e9 d\u2019exp\u00e9rience pour les utilisateurs d\u2019un syst\u00e8me de diffusion de vid\u00e9os \u00e0 360\u00b0 (<a href=\"https:\/\/senouci.net\/wp-content\/uploads\/2024\/11\/Senouci-Talk2-Jeudi-28112024.pdf\">Slides<\/a>)<\/p>\n\n\n\n<p><\/p>\n","protected":false},"excerpt":{"rendered":"<p>\u00c9cole Th\u00e9matique Internationale de + l\u2019Intelligence Artificielle au Cameroun (ETIIAC), 25-29 Novembre 2024 Planification\u00a0optimis\u00e9e\u00a0des livraisons\u00a0urbaines\u00a0\u00e0\u00a0l&#8217;aide\u00a0de\u00a0l&#8217;apprentissage par\u00a0renforcement\u00a0et de drones\u00a0autonomes (Slides) Classification au service de la garantie de la qualit\u00e9 d\u2019exp\u00e9rience pour les utilisateurs d\u2019un syst\u00e8me de diffusion de vid\u00e9os \u00e0 360\u00b0 (Slides)<\/p>\n","protected":false},"author":1,"featured_media":0,"parent":0,"menu_order":0,"comment_status":"closed","ping_status":"closed","template":"","meta":{"footnotes":""},"class_list":["post-19","page","type-page","status-publish","hentry"],"_links":{"self":[{"href":"https:\/\/senouci.net\/index.php\/wp-json\/wp\/v2\/pages\/19","targetHints":{"allow":["GET"]}}],"collection":[{"href":"https:\/\/senouci.net\/index.php\/wp-json\/wp\/v2\/pages"}],"about":[{"href":"https:\/\/senouci.net\/index.php\/wp-json\/wp\/v2\/types\/page"}],"author":[{"embeddable":true,"href":"https:\/\/senouci.net\/index.php\/wp-json\/wp\/v2\/users\/1"}],"replies":[{"embeddable":true,"href":"https:\/\/senouci.net\/index.php\/wp-json\/wp\/v2\/comments?post=19"}],"version-history":[{"count":4,"href":"https:\/\/senouci.net\/index.php\/wp-json\/wp\/v2\/pages\/19\/revisions"}],"predecessor-version":[{"id":223,"href":"https:\/\/senouci.net\/index.php\/wp-json\/wp\/v2\/pages\/19\/revisions\/223"}],"wp:attachment":[{"href":"https:\/\/senouci.net\/index.php\/wp-json\/wp\/v2\/media?parent=19"}],"curies":[{"name":"wp","href":"https:\/\/api.w.org\/{rel}","templated":true}]}}