{"id":16,"date":"2023-02-19T17:59:57","date_gmt":"2023-02-19T16:59:57","guid":{"rendered":"http:\/\/senouci.net\/New\/?page_id=13"},"modified":"2026-04-03T23:12:50","modified_gmt":"2026-04-03T21:12:50","slug":"phd-students","status":"publish","type":"page","link":"https:\/\/senouci.net\/index.php\/phd-students\/","title":{"rendered":"PhD students"},"content":{"rendered":"\n<div class=\"wp-block-cover is-light\" style=\"min-height:225px;aspect-ratio:unset;\"><img loading=\"lazy\" decoding=\"async\" width=\"461\" height=\"293\" class=\"wp-block-cover__image-background wp-image-31\" alt=\"\" src=\"https:\/\/senouci.net\/wp-content\/uploads\/2023\/02\/PhD.png\" data-object-fit=\"cover\" srcset=\"https:\/\/senouci.net\/wp-content\/uploads\/2023\/02\/PhD.png 461w, https:\/\/senouci.net\/wp-content\/uploads\/2023\/02\/PhD-300x191.png 300w\" sizes=\"auto, (max-width: 461px) 100vw, 461px\" \/><span aria-hidden=\"true\" class=\"wp-block-cover__background has-background-dim\"><\/span><div class=\"wp-block-cover__inner-container is-layout-flow wp-block-cover-is-layout-flow\">\n<p class=\"has-text-align-center has-large-font-size\"><mark style=\"background-color:rgba(0, 0, 0, 0)\" class=\"has-inline-color has-white-color\"><strong>PhD students<\/strong><\/mark><\/p>\n<\/div><\/div>\n\n\n\n<div style=\"height:100px\" aria-hidden=\"true\" class=\"wp-block-spacer\"><\/div>\n\n\n\n<p>I&#8217;m fortunate to work (<mark style=\"background-color:rgba(0, 0, 0, 0)\" class=\"has-inline-color has-blue-color\"><strong>or to have worked<\/strong><\/mark>) with some very hard-working and inspiring PhD students.<\/p>\n\n\n\n<ol class=\"wp-block-list\">\n<li><strong>Bright LEMBO<\/strong> (Orange Labs), Thesis title: API-based approach for E2E green connected mobility (2026 to present)<\/li>\n\n\n\n<li><strong>Youcef BENALI<\/strong> (BFC Region project, joint supervision with N. Mbarek), Thesis title: Jumeau num\u00e9rique et gestion autonome pour une efficacit\u00e9 \u00e9nerg\u00e9tique dans la 6G (2025 to present)<\/li>\n\n\n\n<li><strong>Sakib AHMED<\/strong> (1\/2 European project, 1\/2 AIST Japan), Thesis title: Optimized Transmission of Spherical Video Streams for Immersive Teleoperation of Autonomous Robots (2025 to present)<\/li>\n\n\n\n<li><strong>R\u00e9dha MAHAMDI<\/strong>, Thesis title : Dynamic Optimization of Target Search by a Fleet of Drones Using Artificial Intelligence Techniques (2025 to present)<\/li>\n\n\n\n<li><strong>Iskander ZELLAGUI<\/strong> (European project), Thesis title: Revolutionizing 6G Networks: A Machine Learning-Based Digital Twin for Seamless Teleoperated Driving Experiences (2024 to present)<\/li>\n\n\n\n<li><strong>Ahmed Ramzi HOUALEF<\/strong> (European project), Thesis title: Artificial Intelligence for the Optimization of Electric Vehicles&#8217; Autonomy and Their Integration into the Smart Grid (2023 to June 5th, 2026)<\/li>\n\n\n\n<li><mark style=\"background-color:rgba(0, 0, 0, 0)\" class=\"has-inline-color has-blue-color\"><strong>Shajjad HOSSAIN<\/strong>&nbsp;(ANR-FNR project), Thesis title: Intelligence artificielle pour la de\u0301tection des attaques dans le re\u0301seau 5G-V2X (2021 to July 1st, 2025)<\/mark><\/li>\n\n\n\n<li><mark style=\"background-color:rgba(0, 0, 0, 0)\" class=\"has-inline-color has-blue-color\"><strong>Lydia DOUAIDI<\/strong>&nbsp;(BPI\/FEDER), Thesis title: Artificial Intelligence-Driven Optimization of Electric Vehicle Charging Infrastructure and User-Centric Experience. (2021 to February, 26th, 2025 )<\/mark><\/li>\n\n\n\n<li class=\"has-blue-color has-text-color has-link-color wp-elements-0916d1fb68f83642abf2b33dc10ec029\"><strong>Mohamed RAHMANI&nbsp;<\/strong>(BFC region project), Thesis title: Multi-Objective Optimization and Development of a Last-Mile Delivery System Combining Drones and Public Transportation (2021 to October 21st, 2024)<\/li>\n\n\n\n<li class=\"has-blue-color has-text-color has-link-color wp-elements-a78525783c36831f7be67831a7b172ff\"><strong>Ahmed SAADALLAH<\/strong>&nbsp;(BPI\/FEDER), Thesis title: Guaranteed quality of experience for users of an immersive 3D video system (2021 to November 18th, 2024)<\/li>\n\n\n\n<li><mark style=\"background-color:rgba(0, 0, 0, 0)\" class=\"has-inline-color has-blue-color\"><strong>Taki-Eddine-Toufik DJAIDJA<\/strong>&nbsp;(European project), Thesis title: Towards a secure 5G and beyond vehicular network (2020 to February 21st 2024)<\/mark><\/li>\n\n\n\n<li><mark style=\"background-color:rgba(0, 0, 0, 0)\" class=\"has-inline-color has-blue-color\"><strong>Wided HAMMEDI&nbsp;<\/strong>(Bourse minist\u00e8re), Thesis title: Smart River: Towards Efficient Cooperative Autonomous Inland Navigation (2018 to January 11th 2022)<\/mark><\/li>\n\n\n\n<li><mark style=\"background-color:rgba(0, 0, 0, 0)\" class=\"has-inline-color has-blue-color\"><strong>El-Hadja CHAALAL<\/strong>&nbsp;(Orange Labs CIFRE), Thesis title: Optimized Strategies for Adaptive Mobility Control of Unmanned Aerial Vehicles in 5G Networks (2018 to January 19th 2022)<\/mark><\/li>\n\n\n\n<li><mark style=\"background-color:rgba(0, 0, 0, 0)\" class=\"has-inline-color has-blue-color\"><strong>Maissa DAMMAK<\/strong>&nbsp;(FUI project contract), Thesis title: Authentication and Authorization Security Solutions for the Internet of Things&nbsp; (2018 to July 17th 2021).<\/mark><\/li>\n\n\n\n<li><mark style=\"background-color:rgba(0, 0, 0, 0)\" class=\"has-inline-color has-blue-color\"><strong>Amel ARFAOUI&nbsp;<\/strong>(cotutelle SupCom, Tunisia), Thesis title: Game-based security for the Internet of Things : applications to e-health (2016 to october 15th, 2019).<\/mark><\/li>\n\n\n\n<li><mark style=\"background-color:rgba(0, 0, 0, 0)\" class=\"has-inline-color has-blue-color\"><strong>Esubalew Elemneh JALEW<\/strong>&nbsp;(French-Ethiopian scholarship),&nbsp; Thesis title: Fog Computing based Traffic Safety for Connected Vulnerable Road Users, (2016 to october 25th, 2019).<\/mark><\/li>\n\n\n\n<li><mark style=\"background-color:rgba(0, 0, 0, 0)\" class=\"has-inline-color has-blue-color\"><strong>Habtamu Mohamed BIRHANIE<\/strong>&nbsp;(French-Ethiopian scholarship),&nbsp;Thesis title: Resource Allocation in Vehicular Fog Computing for an Optimal Use of Electric Vehicles Energy, (2016 to october 25th, 2019).&nbsp;<\/mark><\/li>\n\n\n\n<li><mark style=\"background-color:rgba(0, 0, 0, 0)\" class=\"has-inline-color has-blue-color\"><strong>Khaoula DHIFALLAH<\/strong>&nbsp;(Orange Labs, CIFRE), Thesis title:&nbsp;Shared ressource management in crowd networks&nbsp;(2015 to january 09th, 2018)<\/mark><\/li>\n\n\n\n<li><mark style=\"background-color:rgba(0, 0, 0, 0)\" class=\"has-inline-color has-blue-color\"><strong>Metzli RAMIREZ MARTINEZ<\/strong>&nbsp;(Mexican scolarship), Thesis title: Gestion dynamique d&#8217;espaces de calcul reconfigurables et h\u00e9t\u00e9rog\u00e8nes, (2014 to june 25th, 2018).<\/mark><\/li>\n\n\n\n<li><mark style=\"background-color:rgba(0, 0, 0, 0)\" class=\"has-inline-color has-blue-color\"><strong>Mohamed Ayoub MESSSOUS<\/strong>&nbsp;(Euopean project contract), Thesis title: UAVs Network: Towards an Optimal Exploration and an Efficient Computation, (2014 to 09 October 2017).<\/mark><\/li>\n\n\n\n<li><mark style=\"background-color:rgba(0, 0, 0, 0)\" class=\"has-inline-color has-blue-color\"><strong>Mohamed&nbsp;ATTIA<\/strong>&nbsp;(Euopean project contract), Thesis title: Algorithms and architectures for the smart grid management to meet energy efficiency and cyber-security requirements (2014 to 12 October 2017).<\/mark><\/li>\n\n\n\n<li><mark style=\"background-color:rgba(0, 0, 0, 0)\" class=\"has-inline-color has-blue-color\"><strong>Imed ALLAL<\/strong>&nbsp;(Orange Labs, CIFRE), Thesis title: Optmisation de l\u2019\u00e9fficacit\u00e9 \u00e9nerg\u00e9tique et Qualit\u00e9 d&#8217;Exp\u00e9rience d&#8217;un r\u00e9seau micro-cellulaire (2014 to 29 June 2017).<\/mark><\/li>\n\n\n\n<li><mark style=\"background-color:rgba(0, 0, 0, 0)\" class=\"has-inline-color has-blue-color\"><strong>Francisco Daniel SANCHEZ FERNANDEZ<\/strong>&nbsp;(Bourse Minist\u00e8re), Thesis title: Embedded Image Processing and Opportunistic Communication on Lightweight UAV for Surveillance Systems&nbsp; (2013 to 27 April 2017).&nbsp;<\/mark><\/li>\n\n\n\n<li><mark style=\"background-color:rgba(0, 0, 0, 0)\" class=\"has-inline-color has-blue-color\"><strong>Tarek BOUALI<\/strong>&nbsp;(Euopean project contract), Thesis title: Platform for efficient and secure data collection and exploitation in intelligent vehicular networks (2013 to January 2016).&nbsp;<\/mark><\/li>\n\n\n\n<li><mark style=\"background-color:rgba(0, 0, 0, 0)\" class=\"has-inline-color has-blue-color\"><strong>Sara MEHAR<\/strong>&nbsp;(Bourse de la r\u00e9gion Bourgogne), Thesis tite: The vehi1le as a source and consumer of information: Collection, dissemination and data processing for sustainable mobility&nbsp; (2011 to 05 December 2014).&nbsp;<\/mark><\/li>\n\n\n\n<li><mark style=\"background-color:rgba(0, 0, 0, 0)\" class=\"has-inline-color has-blue-color\"><strong>Guillaume REMY<\/strong>&nbsp;(Orange Lannion), Thesis title: Compl\u00e9mentarit\u00e9 entre r\u00e9seau cellulaire et r\u00e9seau sans infrastructure \u00e0 mobilit\u00e9 contr\u00f4l\u00e9e et non contr\u00f4l\u00e9e&nbsp; (2010 to Novembre 2013)<\/mark><\/li>\n\n\n\n<li><mark style=\"background-color:rgba(0, 0, 0, 0)\" class=\"has-inline-color has-blue-color\"><strong>Ahmed BEN NACEF<\/strong>&nbsp;(FTRD Lannion), Thesis title: Relais coop\u00e9ratifs dans un r\u00e9seau de terminaux : performances limites et strat\u00e9gies (2008 to 24th November 2011)<\/mark><\/li>\n\n\n\n<li><mark style=\"background-color:rgba(0, 0, 0, 0)\" class=\"has-inline-color has-blue-color\"><strong>Mohamed CHERIF<\/strong>&nbsp;(FTRD Lannion), Thesis title: Optimisation des communications V2V et V2I dans un r\u00e9seau de v\u00e9hicules op\u00e9r\u00e9&nbsp; (2007 to 2nd December 2010)<\/mark><\/li>\n\n\n\n<li><mark style=\"background-color:rgba(0, 0, 0, 0)\" class=\"has-inline-color has-blue-color\"><strong>Helmut ADAM<\/strong>&nbsp;(University of Klagenfurt, with Christian Bettstetter), Thesis title: Cooperative spatial diversity in ad hoc networks (2006 to August 2011)<\/mark><\/li>\n\n\n\n<li><mark style=\"background-color:rgba(0, 0, 0, 0)\" class=\"has-inline-color has-blue-color\"><strong>Ghassan M.T. ABDALLAH<\/strong>&nbsp;(University of Plymouth, with Mosa Ali Abu-Rgheff), Thesis title: Physical and Link Layer Implications in Vehicular Ad Hoc Networks (2006 to 17th December 2009)<\/mark><\/li>\n\n\n\n<li><mark style=\"background-color:rgba(0, 0, 0, 0)\" class=\"has-inline-color has-blue-color\"><strong>Alaa SEDDIK-GHALEB<\/strong>&nbsp;(University of Evry, with Yacine Ghamri-Doudane and Nazim Agoulmine), Thesis title: TCP Performance Study and Enhancements Within Wireless Ad Hoc Network Environments (2005 to 30th March 2009)<\/mark><\/li>\n\n\n\n<li><mark style=\"background-color:rgba(0, 0, 0, 0)\" class=\"has-inline-color has-blue-color\"><strong>Moez JERBI&nbsp;<\/strong>(FTRD Lannion), Thesis title: Protocoles pour les communications dans les r\u00e9seaux de v\u00e9hicules en environnement urbain (2005 to 6th November 2008)<\/mark><\/li>\n\n\n\n<li><mark style=\"background-color:rgba(0, 0, 0, 0)\" class=\"has-inline-color has-blue-color\"><strong>Ghazi AL-SUKKAR<\/strong>&nbsp;(INT Evry, with Hossam afifi), Thesis title: Discovering the Synergy between Wireless Ad hoc routing protocols and Peer-to-Peer Abstractions (2005 to 26th November 2008)<\/mark><\/li>\n<\/ol>\n","protected":false},"excerpt":{"rendered":"<p>I&#8217;m fortunate to work (or to have worked) with some very hard-working and inspiring PhD students.<\/p>\n","protected":false},"author":1,"featured_media":0,"parent":0,"menu_order":0,"comment_status":"closed","ping_status":"closed","template":"","meta":{"footnotes":""},"class_list":["post-16","page","type-page","status-publish","hentry"],"_links":{"self":[{"href":"https:\/\/senouci.net\/index.php\/wp-json\/wp\/v2\/pages\/16","targetHints":{"allow":["GET"]}}],"collection":[{"href":"https:\/\/senouci.net\/index.php\/wp-json\/wp\/v2\/pages"}],"about":[{"href":"https:\/\/senouci.net\/index.php\/wp-json\/wp\/v2\/types\/page"}],"author":[{"embeddable":true,"href":"https:\/\/senouci.net\/index.php\/wp-json\/wp\/v2\/users\/1"}],"replies":[{"embeddable":true,"href":"https:\/\/senouci.net\/index.php\/wp-json\/wp\/v2\/comments?post=16"}],"version-history":[{"count":12,"href":"https:\/\/senouci.net\/index.php\/wp-json\/wp\/v2\/pages\/16\/revisions"}],"predecessor-version":[{"id":288,"href":"https:\/\/senouci.net\/index.php\/wp-json\/wp\/v2\/pages\/16\/revisions\/288"}],"wp:attachment":[{"href":"https:\/\/senouci.net\/index.php\/wp-json\/wp\/v2\/media?parent=16"}],"curies":[{"name":"wp","href":"https:\/\/api.w.org\/{rel}","templated":true}]}}